{"id":100,"date":"2021-02-06T18:17:06","date_gmt":"2021-02-06T17:17:06","guid":{"rendered":"http:\/\/gites-loubrilhote.com\/?page_id=100"},"modified":"2021-05-12T13:49:56","modified_gmt":"2021-05-12T11:49:56","slug":"la-region","status":"publish","type":"page","link":"https:\/\/gites-loubrilhote.com\/?page_id=100","title":{"rendered":"La r\u00e9gion"},"content":{"rendered":"\t\t<div data-elementor-type=\"wp-page\" data-elementor-id=\"100\" class=\"elementor elementor-100\">\n\t\t\t\t\t\t<section class=\"elementor-section elementor-top-section elementor-element elementor-element-a4a6261 elementor-section-boxed elementor-section-height-default elementor-section-height-default\" data-id=\"a4a6261\" data-element_type=\"section\" data-e-type=\"section\">\n\t\t\t\t\t\t<div class=\"elementor-container elementor-column-gap-default\">\n\t\t\t\t\t<div class=\"elementor-column elementor-col-100 elementor-top-column elementor-element elementor-element-7f3f691\" data-id=\"7f3f691\" data-element_type=\"column\" data-e-type=\"column\">\n\t\t\t<div class=\"elementor-widget-wrap elementor-element-populated\">\n\t\t\t\t\t\t<div class=\"elementor-element elementor-element-9322409 elementor-widget elementor-widget-image\" data-id=\"9322409\" data-element_type=\"widget\" data-e-type=\"widget\" data-widget_type=\"image.default\">\n\t\t\t\t<div class=\"elementor-widget-container\">\n\t\t\t\t\t\t\t\t\t\t\t\t\t\t\t<img fetchpriority=\"high\" decoding=\"async\" width=\"1929\" height=\"1552\" src=\"https:\/\/gites-loubrilhote.com\/wp-content\/uploads\/2021\/05\/Plan-de-travail-1.jpg\" class=\"attachment-full size-full wp-image-1597\" alt=\"\" srcset=\"https:\/\/gites-loubrilhote.com\/wp-content\/uploads\/2021\/05\/Plan-de-travail-1.jpg 1929w, https:\/\/gites-loubrilhote.com\/wp-content\/uploads\/2021\/05\/Plan-de-travail-1-300x241.jpg 300w, https:\/\/gites-loubrilhote.com\/wp-content\/uploads\/2021\/05\/Plan-de-travail-1-1024x824.jpg 1024w, https:\/\/gites-loubrilhote.com\/wp-content\/uploads\/2021\/05\/Plan-de-travail-1-768x618.jpg 768w, https:\/\/gites-loubrilhote.com\/wp-content\/uploads\/2021\/05\/Plan-de-travail-1-1536x1236.jpg 1536w, https:\/\/gites-loubrilhote.com\/wp-content\/uploads\/2021\/05\/Plan-de-travail-1-892x718.jpg 892w\" sizes=\"(max-width: 1929px) 100vw, 1929px\" \/>\t\t\t\t\t\t\t\t\t\t\t\t\t\t\t<\/div>\n\t\t\t\t<\/div>\n\t\t\t\t\t<\/div>\n\t\t<\/div>\n\t\t\t\t\t<\/div>\n\t\t<\/section>\n\t\t\t\t<section class=\"elementor-section elementor-top-section elementor-element elementor-element-21be9298 elementor-section-full_width elementor-section-height-default elementor-section-height-default\" data-id=\"21be9298\" data-element_type=\"section\" data-e-type=\"section\">\n\t\t\t\t\t\t<div class=\"elementor-container elementor-column-gap-default\">\n\t\t\t\t\t<div class=\"elementor-column elementor-col-100 elementor-top-column elementor-element elementor-element-5016aea\" data-id=\"5016aea\" data-element_type=\"column\" data-e-type=\"column\">\n\t\t\t<div class=\"elementor-widget-wrap elementor-element-populated\">\n\t\t\t\t\t\t<div class=\"elementor-element elementor-element-2525fd63 elementor-widget elementor-widget-text-editor\" data-id=\"2525fd63\" data-element_type=\"widget\" data-e-type=\"widget\" data-widget_type=\"text-editor.default\">\n\t\t\t\t<div class=\"elementor-widget-container\">\n\t\t\t\t\t\t\t\t\t\n<h6 class=\"has-text-align-center has-text-color\" style=\"color: #9787bc; text-align: left;\">Crillon le Brave est un joli village proven\u00e7al perch\u00e9 sur un rocher. Il <span style=\"color: #9787bc;\">offre une<\/span> vue imprenable sur la plaine du Comtat Venaissin, du \u00ab G\u00e9ant de Provence \u00bb le Mont Ventoux et des Dentelles de Montmirail.<br \/>Le village est anim\u00e9 et vivant tout au long de l\u2019\u00e9t\u00e9. Il a une petite \u00e9picerie et offre de nombreux restaurants.<\/h6>\n<h6 style=\"text-align: left;\"><\/h6>\n<h6 class=\"has-text-align-center has-text-color\" style=\"color: #9787bc; text-align: left;\">C\u2019est une r\u00e9gion riche en culture par ses festivals, riche en gastronomie par ses produits et sp\u00e9cialit\u00e9s r\u00e9gionales, ses march\u00e9s et ses vins prestigieux et riche en histoire.<\/h6>\n<h6 style=\"text-align: left;\"><\/h6>\n<h6 class=\"has-text-align-center has-text-color\" style=\"color: #9787bc; text-align: left;\">Adeptes du v\u00e9lo, de la randonn\u00e9e p\u00e9destre ou \u00e9questre, c\u2019est une r\u00e9gion pleine de beaut\u00e9 authentique et naturelle qui vous \u00e9merveillera \u00e0 chaque d\u00e9tour.<\/h6>\n<h6 style=\"text-align: left;\">\t\t\t\t\t\t\t\t<\/div>\n\t\t\t\t<\/div>\n\t\t\t\t\t<\/div>\n\t\t<\/div>\n\t\t\t\t\t<\/div>\n\t\t<\/section>\n\t\t\t\t<section class=\"elementor-section elementor-top-section elementor-element elementor-element-8f28cad elementor-section-boxed elementor-section-height-default elementor-section-height-default\" data-id=\"8f28cad\" data-element_type=\"section\" data-e-type=\"section\">\n\t\t\t\t\t\t<div class=\"elementor-container elementor-column-gap-default\">\n\t\t\t\t\t<div class=\"elementor-column elementor-col-100 elementor-top-column elementor-element elementor-element-ce69991\" data-id=\"ce69991\" data-element_type=\"column\" data-e-type=\"column\">\n\t\t\t<div class=\"elementor-widget-wrap elementor-element-populated\">\n\t\t\t\t\t\t<div class=\"elementor-element elementor-element-240910c elementor-widget-divider--view-line elementor-invisible elementor-widget elementor-widget-divider\" data-id=\"240910c\" data-element_type=\"widget\" data-e-type=\"widget\" data-settings=\"{&quot;_animation&quot;:&quot;fadeInLeft&quot;}\" data-widget_type=\"divider.default\">\n\t\t\t\t<div class=\"elementor-widget-container\">\n\t\t\t\t\t\t\t<div class=\"elementor-divider\">\n\t\t\t<span class=\"elementor-divider-separator\">\n\t\t\t\t\t\t<\/span>\n\t\t<\/div>\n\t\t\t\t\t\t<\/div>\n\t\t\t\t<\/div>\n\t\t\t\t\t<\/div>\n\t\t<\/div>\n\t\t\t\t\t<\/div>\n\t\t<\/section>\n\t\t\t\t<section class=\"elementor-section elementor-top-section elementor-element elementor-element-6776aac elementor-section-boxed elementor-section-height-default elementor-section-height-default\" data-id=\"6776aac\" data-element_type=\"section\" data-e-type=\"section\">\n\t\t\t\t\t\t<div class=\"elementor-container elementor-column-gap-default\">\n\t\t\t\t\t<div class=\"elementor-column elementor-col-100 elementor-top-column elementor-element elementor-element-187ee5b\" data-id=\"187ee5b\" data-element_type=\"column\" data-e-type=\"column\">\n\t\t\t<div class=\"elementor-widget-wrap elementor-element-populated\">\n\t\t\t\t\t\t<div class=\"elementor-element elementor-element-6754063 elementor-invisible elementor-widget elementor-widget-image\" data-id=\"6754063\" data-element_type=\"widget\" data-e-type=\"widget\" data-settings=\"{&quot;_animation&quot;:&quot;fadeInLeft&quot;}\" data-widget_type=\"image.default\">\n\t\t\t\t<div class=\"elementor-widget-container\">\n\t\t\t\t\t\t\t\t\t\t\t\t\t\t\t<img decoding=\"async\" width=\"672\" height=\"323\" src=\"https:\/\/gites-loubrilhote.com\/wp-content\/uploads\/2021\/03\/Mont-ventoux-1024x492.png\" class=\"attachment-large size-large wp-image-612\" alt=\"\" srcset=\"https:\/\/gites-loubrilhote.com\/wp-content\/uploads\/2021\/03\/Mont-ventoux-1024x492.png 1024w, https:\/\/gites-loubrilhote.com\/wp-content\/uploads\/2021\/03\/Mont-ventoux-300x144.png 300w, https:\/\/gites-loubrilhote.com\/wp-content\/uploads\/2021\/03\/Mont-ventoux-768x369.png 768w, https:\/\/gites-loubrilhote.com\/wp-content\/uploads\/2021\/03\/Mont-ventoux-1536x738.png 1536w, https:\/\/gites-loubrilhote.com\/wp-content\/uploads\/2021\/03\/Mont-ventoux-2048x984.png 2048w, https:\/\/gites-loubrilhote.com\/wp-content\/uploads\/2021\/03\/Mont-ventoux-892x429.png 892w\" sizes=\"(max-width: 672px) 100vw, 672px\" \/>\t\t\t\t\t\t\t\t\t\t\t\t\t\t\t<\/div>\n\t\t\t\t<\/div>\n\t\t\t\t\t<\/div>\n\t\t<\/div>\n\t\t\t\t\t<\/div>\n\t\t<\/section>\n\t\t\t\t<section class=\"elementor-section elementor-top-section elementor-element elementor-element-52e1f21 elementor-section-boxed elementor-section-height-default elementor-section-height-default\" data-id=\"52e1f21\" data-element_type=\"section\" data-e-type=\"section\">\n\t\t\t\t\t\t<div class=\"elementor-container elementor-column-gap-default\">\n\t\t\t\t\t<div class=\"elementor-column elementor-col-100 elementor-top-column elementor-element elementor-element-fb189f5\" data-id=\"fb189f5\" data-element_type=\"column\" data-e-type=\"column\">\n\t\t\t<div class=\"elementor-widget-wrap elementor-element-populated\">\n\t\t\t\t\t\t<div class=\"elementor-element elementor-element-33ec813 elementor-widget-divider--view-line elementor-invisible elementor-widget elementor-widget-divider\" data-id=\"33ec813\" data-element_type=\"widget\" data-e-type=\"widget\" data-settings=\"{&quot;_animation&quot;:&quot;fadeInLeft&quot;}\" data-widget_type=\"divider.default\">\n\t\t\t\t<div class=\"elementor-widget-container\">\n\t\t\t\t\t\t\t<div class=\"elementor-divider\">\n\t\t\t<span class=\"elementor-divider-separator\">\n\t\t\t\t\t\t<\/span>\n\t\t<\/div>\n\t\t\t\t\t\t<\/div>\n\t\t\t\t<\/div>\n\t\t\t\t\t<\/div>\n\t\t<\/div>\n\t\t\t\t\t<\/div>\n\t\t<\/section>\n\t\t\t\t<section class=\"elementor-section elementor-top-section elementor-element elementor-element-19caac3 elementor-section-boxed elementor-section-height-default elementor-section-height-default\" data-id=\"19caac3\" data-element_type=\"section\" data-e-type=\"section\">\n\t\t\t\t\t\t<div class=\"elementor-container elementor-column-gap-default\">\n\t\t\t\t\t<div class=\"elementor-column elementor-col-100 elementor-top-column elementor-element elementor-element-0c83a5a\" data-id=\"0c83a5a\" data-element_type=\"column\" data-e-type=\"column\">\n\t\t\t<div class=\"elementor-widget-wrap elementor-element-populated\">\n\t\t\t\t\t\t<div class=\"elementor-element elementor-element-415f74a elementor-widget elementor-widget-pdf_viewer\" data-id=\"415f74a\" data-element_type=\"widget\" data-e-type=\"widget\" data-widget_type=\"pdf_viewer.default\">\n\t\t\t\t<div class=\"elementor-widget-container\">\n\t\t\t\t\t<iframe src=\"https:\/\/docs.google.com\/viewer?url=https:\/\/gites-loubrilhote.com\/wp-content\/uploads\/2021\/05\/SITE-BAT-Brochure-Lou-Bri-Lho\u0302te-12-05-2021.pdf&amp;embedded=true\" style=\"display: block; margin-left: auto; margin-right: auto; width: 640px; height: 1020px;\" frameborder=\"1\" marginheight=\"0px\" marginwidth=\"0px\" allowfullscreen><\/iframe>\t\t\t\t<\/div>\n\t\t\t\t<\/div>\n\t\t\t\t\t<\/div>\n\t\t<\/div>\n\t\t\t\t\t<\/div>\n\t\t<\/section>\n\t\t\t\t<\/div>\n\t\t","protected":false},"excerpt":{"rendered":"<p>Crillon le Brave est un joli village proven\u00e7al perch\u00e9 sur un rocher. Il offre une vue imprenable sur la plaine du Comtat Venaissin, du \u00ab G\u00e9ant de Provence \u00bb le Mont Ventoux et des Dentelles de Montmirail.Le village est anim\u00e9 et vivant tout au long de l\u2019\u00e9t\u00e9. Il a une petite \u00e9picerie et offre de [&hellip;]<\/p>\n","protected":false},"author":1,"featured_media":0,"parent":0,"menu_order":0,"comment_status":"closed","ping_status":"closed","template":"","meta":{"footnotes":""},"class_list":["post-100","page","type-page","status-publish","hentry"],"_links":{"self":[{"href":"https:\/\/gites-loubrilhote.com\/index.php?rest_route=\/wp\/v2\/pages\/100","targetHints":{"allow":["GET"]}}],"collection":[{"href":"https:\/\/gites-loubrilhote.com\/index.php?rest_route=\/wp\/v2\/pages"}],"about":[{"href":"https:\/\/gites-loubrilhote.com\/index.php?rest_route=\/wp\/v2\/types\/page"}],"author":[{"embeddable":true,"href":"https:\/\/gites-loubrilhote.com\/index.php?rest_route=\/wp\/v2\/users\/1"}],"replies":[{"embeddable":true,"href":"https:\/\/gites-loubrilhote.com\/index.php?rest_route=%2Fwp%2Fv2%2Fcomments&post=100"}],"version-history":[{"count":155,"href":"https:\/\/gites-loubrilhote.com\/index.php?rest_route=\/wp\/v2\/pages\/100\/revisions"}],"predecessor-version":[{"id":1646,"href":"https:\/\/gites-loubrilhote.com\/index.php?rest_route=\/wp\/v2\/pages\/100\/revisions\/1646"}],"wp:attachment":[{"href":"https:\/\/gites-loubrilhote.com\/index.php?rest_route=%2Fwp%2Fv2%2Fmedia&parent=100"}],"curies":[{"name":"wp","href":"https:\/\/api.w.org\/{rel}","templated":true}]}}