{"id":1154,"date":"2021-05-06T10:43:02","date_gmt":"2021-05-06T08:43:02","guid":{"rendered":"http:\/\/gites-loubrilhote.com\/?page_id=1154"},"modified":"2021-06-07T20:03:40","modified_gmt":"2021-06-07T18:03:40","slug":"accueil","status":"publish","type":"page","link":"https:\/\/gites-loubrilhote.com\/","title":{"rendered":"Accueil"},"content":{"rendered":"\t\t<div data-elementor-type=\"wp-page\" data-elementor-id=\"1154\" class=\"elementor elementor-1154\">\n\t\t\t\t\t\t<section class=\"elementor-section elementor-top-section elementor-element elementor-element-15e7068 elementor-section-full_width elementor-section-height-default elementor-section-height-default\" data-id=\"15e7068\" data-element_type=\"section\" data-e-type=\"section\">\n\t\t\t\t\t\t<div class=\"elementor-container elementor-column-gap-default\">\n\t\t\t\t\t<div class=\"elementor-column elementor-col-100 elementor-top-column elementor-element elementor-element-2de5963\" data-id=\"2de5963\" data-element_type=\"column\" data-e-type=\"column\">\n\t\t\t<div class=\"elementor-widget-wrap elementor-element-populated\">\n\t\t\t\t\t\t<div class=\"elementor-element elementor-element-3ef9760 elementor-widget elementor-widget-prime-slider-general\" data-id=\"3ef9760\" data-element_type=\"widget\" data-e-type=\"widget\" data-widget_type=\"prime-slider-general.default\">\n\t\t\t\t<div class=\"elementor-widget-container\">\n\t\t\t\t\t\t\t<div class=\"bdt-prime-slider\">\n\t\t\t<div class=\"bdt-prime-slider-skin-general\">\n\t\t\t\t<div class=\"bdt-position-relative bdt-visible-toggle\" bdt-slideshow=\"{&quot;animation&quot;:&quot;slide&quot;,&quot;ratio&quot;:&quot;16:9&quot;,&quot;min-height&quot;:50,&quot;autoplay&quot;:false,&quot;autoplay-interval&quot;:null,&quot;pause-on-hover&quot;:false,&quot;draggable&quot;:true,&quot;velocity&quot;:1,&quot;finite&quot;:false}\" data-settings=\"{&quot;id&quot;:&quot;#bdt-3ef9760&quot;,&quot;animation_status&quot;:&quot;no&quot;}\" id=\"bdt-3ef9760\">\n\t\t\t\t\t<ul class=\"bdt-slideshow-items\">\n\t\t\t\t\t\t\n\t\t\t<li\n\t\t\t\tclass=\"bdt-slideshow-item bdt-flex bdt-flex-middle bdt-flex-center elementor-repeater-item-4db628f\">\n\t\t\t\t\n\t\t\t\t\t\t\t\t\t\t\t\n\t\t<div class=\"bdt-ps-slide-img\" style=\"background-image: url('https:\/\/gites-loubrilhote.com\/wp-content\/uploads\/2021\/05\/DF2A0206-Crillon-le-Brave--scaled.jpg')\"><\/div>\n\n\t\t\t\t\t\t\t\n\t\t\t\t\t\n\t\t\t\t\n\t\t\t\t\t\t<div class=\"bdt-prime-slider-wrapper\">\n\t\t\t<div class=\"bdt-prime-slider-content\">\n\t\t\t\t<div class=\"bdt-prime-slider-desc\">\n\n\t\t\t\t\t\n\t\t\t\t\t\t\t\t\t\t\t<div data-reveal=\"reveal-active\" class=\"bdt-main-title\" data-bdt-slideshow-parallax=\"x: 100,0,-20; opacity: 1,1,0\">\n\t\t\t\t\t\t\t<h1\t\t\t\t\t\t\t\tclass=\"bdt-title-tag\">\n\t\t\t\t\t\t\t\t\t\t\t\t\t\t\t\t\tG\u00eetes Lou Bri l'h\u00f4te\t\t\t\t\t\t\t\t\t\t\t\t\t\t\t\t<\/h1>\n\t\t\t\t\t\t<\/div>\n\t\t\t\t\t\n\t\t\t\t\t\n\t\t\t\t\t<div data-bdt-slideshow-parallax=\"x: 150,0,-30; opacity: 1,1,0\">\n\t\t\t\t\t\t<div class=\"bdt-btn-wrapper\">\n\t\t\t\t\t\t\t\n\t\t\n\t\t\t<a class=\"bdt-slide-btn\" data-reveal=\"reveal-active\" href=\"https:\/\/gites-loubrilhote.com\/?page_id=100\">\n\n\t\t\t\t\t\t\t\t<span class=\"bdt-prime-slider-button-wrapper\">\n\n\t\t\t\t\t<span class=\"bdt-prime-slider-button-text bdt-flex bdt-flex-middle bdt-flex-inline\">D\u00e9couvrir la r\u00e9gion\t\t\t\t\t\t\t\t\t\t\t\t\t<span class=\"bdt-slide-btn-icon\"><svg width=\"20\" height=\"20\" viewBox=\"0 0 20 20\"\n\t\t\t\t\t\t\t\t\txmlns=\"http:\/\/www.w3.org\/2000\/svg\" data-svg=\"arrow-right\">\n\t\t\t\t\t\t\t\t\t<polyline fill=\"none\" stroke=\"#000\" points=\"10 5 15 9.5 10 14\"><\/polyline>\n\t\t\t\t\t\t\t\t\t<line fill=\"none\" stroke=\"#000\" x1=\"4\" y1=\"9.5\" x2=\"15\" y2=\"9.5\"><\/line>\n\t\t\t\t\t\t\t\t<\/svg><\/span>\n\t\t\t\t\t\t\t\t\t\t\t<\/span>\n\n\t\t\t\t<\/span>\n\n\t\t\t<\/a>\n\t\t\t\t\t\t\t\t<\/div>\n\t\t\t\t\t<\/div>\n\t\t\t\t<\/div>\n\n\t\t\t\t\t\t\t\t\t<div data-reveal=\"reveal-active\" class=\"bdt-slider-excerpt\" data-bdt-slideshow-parallax=\"y: 50,0,-10; opacity: 1,1,0\">\n\t\t\t\t\t\t<p style=\"text-align: left\">Bienvenue \u00e0 tous, vous trouverez des d\u00e9tails sur nos locations situ\u00e9es au pied du Mont Ventoux.<\/p>\t\t\t\t\t<\/div>\n\t\t\t\t\n\t\t\t<\/div>\n\t\t<\/div>\n\t\t\t\t\t<\/li>\n\n\t\t\n\t\t\t<li\n\t\t\t\tclass=\"bdt-slideshow-item bdt-flex bdt-flex-middle bdt-flex-center elementor-repeater-item-bb23f6b\">\n\t\t\t\t\n\t\t\t\t\t\t\t\t\t\t\t\n\t\t<div class=\"bdt-ps-slide-img\" style=\"background-image: url('https:\/\/gites-loubrilhote.com\/wp-content\/uploads\/2021\/05\/IMG_3759-2-copie-scaled.jpg')\"><\/div>\n\n\t\t\t\t\t\t\t\n\t\t\t\t\t\n\t\t\t\t\n\t\t\t\t\t\t<div class=\"bdt-prime-slider-wrapper\">\n\t\t\t<div class=\"bdt-prime-slider-content bdt-prime-slider-content\">\n\t\t\t\t<div class=\"bdt-prime-slider-desc\">\n\n\t\t\t\t\t\n\t\t\t\t\t\t\t\t\t\t\t<div data-reveal=\"reveal-active\" class=\"bdt-main-title\" data-bdt-slideshow-parallax=\"x: 100,0,-20; opacity: 1,1,0\">\n\t\t\t\t\t\t\t<h1\t\t\t\t\t\t\t\tclass=\"bdt-title-tag\">\n\t\t\t\t\t\t\t\t\t\t\t\t\t\t\t\t\tG\u00eete Oulivi\u00e9\t\t\t\t\t\t\t\t\t\t\t\t\t\t\t\t<\/h1>\n\t\t\t\t\t\t<\/div>\n\t\t\t\t\t\n\t\t\t\t\t\n\t\t\t\t\t<div data-bdt-slideshow-parallax=\"x: 150,0,-30; opacity: 1,1,0\">\n\t\t\t\t\t\t<div class=\"bdt-btn-wrapper\">\n\t\t\t\t\t\t\t\n\t\t\n\t\t\t<a class=\"bdt-slide-btn\" data-reveal=\"reveal-active\" href=\"https:\/\/gites-loubrilhote.com\/?page_id=98\">\n\n\t\t\t\t\t\t\t\t<span class=\"bdt-prime-slider-button-wrapper\">\n\n\t\t\t\t\t<span class=\"bdt-prime-slider-button-text bdt-flex bdt-flex-middle bdt-flex-inline\">D\u00e9couvrir le g\u00eete\t\t\t\t\t\t\t\t\t\t\t\t\t<span class=\"bdt-slide-btn-icon\"><svg width=\"20\" height=\"20\" viewBox=\"0 0 20 20\"\n\t\t\t\t\t\t\t\t\txmlns=\"http:\/\/www.w3.org\/2000\/svg\" data-svg=\"arrow-right\">\n\t\t\t\t\t\t\t\t\t<polyline fill=\"none\" stroke=\"#000\" points=\"10 5 15 9.5 10 14\"><\/polyline>\n\t\t\t\t\t\t\t\t\t<line fill=\"none\" stroke=\"#000\" x1=\"4\" y1=\"9.5\" x2=\"15\" y2=\"9.5\"><\/line>\n\t\t\t\t\t\t\t\t<\/svg><\/span>\n\t\t\t\t\t\t\t\t\t\t\t<\/span>\n\n\t\t\t\t<\/span>\n\n\t\t\t<\/a>\n\t\t\t\t\t\t\t\t<\/div>\n\t\t\t\t\t<\/div>\n\t\t\t\t<\/div>\n\n\t\t\t\t\t\t\t\t\t<div data-reveal=\"reveal-active\" class=\"bdt-slider-excerpt\" data-bdt-slideshow-parallax=\"y: 50,0,-10; opacity: 1,1,0\">\n\t\t\t\t\t\t<p><span style=\"color: #ffffff\">Au sein d\u2019une propri\u00e9t\u00e9 familiale, nous avons cr\u00e9\u00e9 un lieu de bien-\u00eatre et de farniente.\u00a0<\/span><\/p>\t\t\t\t\t<\/div>\n\t\t\t\t\n\t\t\t<\/div>\n\t\t<\/div>\n\t\t\t\t\t<\/li>\n\n\t\t\n\t\t\t<li\n\t\t\t\tclass=\"bdt-slideshow-item bdt-flex bdt-flex-middle bdt-flex-center elementor-repeater-item-71ca150\">\n\t\t\t\t\n\t\t\t\t\t\t\t\t\t\t\t\n\t\t<div class=\"bdt-ps-slide-img\" style=\"background-image: url('https:\/\/gites-loubrilhote.com\/wp-content\/uploads\/2021\/05\/PPP-copie-scaled.jpg')\"><\/div>\n\n\t\t\t\t\t\t\t\n\t\t\t\t\t\n\t\t\t\t\n\t\t\t\t\t\t<div class=\"bdt-prime-slider-wrapper\">\n\t\t\t<div class=\"bdt-prime-slider-content bdt-prime-slider-content bdt-prime-slider-content\">\n\t\t\t\t<div class=\"bdt-prime-slider-desc\">\n\n\t\t\t\t\t\n\t\t\t\t\t\t\t\t\t\t\t<div data-reveal=\"reveal-active\" class=\"bdt-main-title\" data-bdt-slideshow-parallax=\"x: 100,0,-20; opacity: 1,1,0\">\n\t\t\t\t\t\t\t<h1\t\t\t\t\t\t\t\tclass=\"bdt-title-tag\">\n\t\t\t\t\t\t\t\t\t\t\t\t\t\t\t\t\tG\u00eete Lavando\t\t\t\t\t\t\t\t\t\t\t\t\t\t\t\t<\/h1>\n\t\t\t\t\t\t<\/div>\n\t\t\t\t\t\n\t\t\t\t\t\n\t\t\t\t\t<div data-bdt-slideshow-parallax=\"x: 150,0,-30; opacity: 1,1,0\">\n\t\t\t\t\t\t<div class=\"bdt-btn-wrapper\">\n\t\t\t\t\t\t\t\n\t\t\n\t\t\t<a class=\"bdt-slide-btn\" data-reveal=\"reveal-active\" href=\"https:\/\/gites-loubrilhote.com\/?page_id=645\">\n\n\t\t\t\t\t\t\t\t<span class=\"bdt-prime-slider-button-wrapper\">\n\n\t\t\t\t\t<span class=\"bdt-prime-slider-button-text bdt-flex bdt-flex-middle bdt-flex-inline\">D\u00e9couvrir le g\u00eete\t\t\t\t\t\t\t\t\t\t\t\t\t<span class=\"bdt-slide-btn-icon\"><svg width=\"20\" height=\"20\" viewBox=\"0 0 20 20\"\n\t\t\t\t\t\t\t\t\txmlns=\"http:\/\/www.w3.org\/2000\/svg\" data-svg=\"arrow-right\">\n\t\t\t\t\t\t\t\t\t<polyline fill=\"none\" stroke=\"#000\" points=\"10 5 15 9.5 10 14\"><\/polyline>\n\t\t\t\t\t\t\t\t\t<line fill=\"none\" stroke=\"#000\" x1=\"4\" y1=\"9.5\" x2=\"15\" y2=\"9.5\"><\/line>\n\t\t\t\t\t\t\t\t<\/svg><\/span>\n\t\t\t\t\t\t\t\t\t\t\t<\/span>\n\n\t\t\t\t<\/span>\n\n\t\t\t<\/a>\n\t\t\t\t\t\t\t\t<\/div>\n\t\t\t\t\t<\/div>\n\t\t\t\t<\/div>\n\n\t\t\t\t\t\t\t\t\t<div data-reveal=\"reveal-active\" class=\"bdt-slider-excerpt\" data-bdt-slideshow-parallax=\"y: 50,0,-10; opacity: 1,1,0\">\n\t\t\t\t\t\t<p><span style=\"color: #ffffff\">Au sein d\u2019une propri\u00e9t\u00e9 familiale, nous avons cr\u00e9\u00e9 un lieu de bien-\u00eatre et de farniente.<\/span><\/p>\t\t\t\t\t<\/div>\n\t\t\t\t\n\t\t\t<\/div>\n\t\t<\/div>\n\t\t\t\t\t<\/li>\n\n\t\t\n\t\t\t<li\n\t\t\t\tclass=\"bdt-slideshow-item bdt-flex bdt-flex-middle bdt-flex-center elementor-repeater-item-8df3fa6\">\n\t\t\t\t\n\t\t\t\t\t\t\t\t\t\t\t\n\t\t<div class=\"bdt-ps-slide-img\" style=\"background-image: url('https:\/\/gites-loubrilhote.com\/wp-content\/uploads\/2021\/05\/IMG_7193.jpg')\"><\/div>\n\n\t\t\t\t\t\t\t\n\t\t\t\t\t\n\t\t\t\t\n\t\t\t\t\t\t<div class=\"bdt-prime-slider-wrapper\">\n\t\t\t<div class=\"bdt-prime-slider-content bdt-prime-slider-content bdt-prime-slider-content bdt-prime-slider-content\">\n\t\t\t\t<div class=\"bdt-prime-slider-desc\">\n\n\t\t\t\t\t\n\t\t\t\t\t\t\t\t\t\t\t<div data-reveal=\"reveal-active\" class=\"bdt-main-title\" data-bdt-slideshow-parallax=\"x: 100,0,-20; opacity: 1,1,0\">\n\t\t\t\t\t\t\t<h1\t\t\t\t\t\t\t\tclass=\"bdt-title-tag\">\n\t\t\t\t\t\t\t\t\t\t\t\t\t\t\t\t\tJacuzzi\t\t\t\t\t\t\t\t\t\t\t\t\t\t\t\t<\/h1>\n\t\t\t\t\t\t<\/div>\n\t\t\t\t\t\n\t\t\t\t\t\n\t\t\t\t\t<div data-bdt-slideshow-parallax=\"x: 150,0,-30; opacity: 1,1,0\">\n\t\t\t\t\t\t<div class=\"bdt-btn-wrapper\">\n\t\t\t\t\t\t\t\n\t\t\n\t\t\t<a class=\"bdt-slide-btn\" data-reveal=\"reveal-active\" href=\"https:\/\/gites-loubrilhote.com\/?page_id=869\">\n\n\t\t\t\t\t\t\t\t<span class=\"bdt-prime-slider-button-wrapper\">\n\n\t\t\t\t\t<span class=\"bdt-prime-slider-button-text bdt-flex bdt-flex-middle bdt-flex-inline\">D\u00e9couvrir\t\t\t\t\t\t\t\t\t\t\t\t\t<span class=\"bdt-slide-btn-icon\"><svg width=\"20\" height=\"20\" viewBox=\"0 0 20 20\"\n\t\t\t\t\t\t\t\t\txmlns=\"http:\/\/www.w3.org\/2000\/svg\" data-svg=\"arrow-right\">\n\t\t\t\t\t\t\t\t\t<polyline fill=\"none\" stroke=\"#000\" points=\"10 5 15 9.5 10 14\"><\/polyline>\n\t\t\t\t\t\t\t\t\t<line fill=\"none\" stroke=\"#000\" x1=\"4\" y1=\"9.5\" x2=\"15\" y2=\"9.5\"><\/line>\n\t\t\t\t\t\t\t\t<\/svg><\/span>\n\t\t\t\t\t\t\t\t\t\t\t<\/span>\n\n\t\t\t\t<\/span>\n\n\t\t\t<\/a>\n\t\t\t\t\t\t\t\t<\/div>\n\t\t\t\t\t<\/div>\n\t\t\t\t<\/div>\n\n\t\t\t\t\t\t\t\t\t<div data-reveal=\"reveal-active\" class=\"bdt-slider-excerpt\" data-bdt-slideshow-parallax=\"y: 50,0,-10; opacity: 1,1,0\">\n\t\t\t\t\t\t<p><span style=\"color: #ffffff\">Nouveaut\u00e9 2020 : Spa de luxe Chauff\u00e9.<\/span><\/p>\t\t\t\t\t<\/div>\n\t\t\t\t\n\t\t\t<\/div>\n\t\t<\/div>\n\t\t\t\t\t<\/li>\n\n\t\t\n\t\t\t<li\n\t\t\t\tclass=\"bdt-slideshow-item bdt-flex bdt-flex-middle bdt-flex-center elementor-repeater-item-8d691a4\">\n\t\t\t\t\n\t\t\t\t\t\t\t\t\t\t\t\n\t\t<div class=\"bdt-ps-slide-img\" style=\"background-image: url('https:\/\/gites-loubrilhote.com\/wp-content\/uploads\/2021\/05\/AIX1-scaled.jpg')\"><\/div>\n\n\t\t\t\t\t\t\t\n\t\t\t\t\t\n\t\t\t\t\n\t\t\t\t\t\t<div class=\"bdt-prime-slider-wrapper\">\n\t\t\t<div class=\"bdt-prime-slider-content bdt-prime-slider-content bdt-prime-slider-content bdt-prime-slider-content bdt-prime-slider-content\">\n\t\t\t\t<div class=\"bdt-prime-slider-desc\">\n\n\t\t\t\t\t\n\t\t\t\t\t\t\t\t\t\t\t<div data-reveal=\"reveal-active\" class=\"bdt-main-title\" data-bdt-slideshow-parallax=\"x: 100,0,-20; opacity: 1,1,0\">\n\t\t\t\t\t\t\t<h1\t\t\t\t\t\t\t\tclass=\"bdt-title-tag\">\n\t\t\t\t\t\t\t\t\t\t\t\t\t\t\t\t\tAix en Provence\t\t\t\t\t\t\t\t\t\t\t\t\t\t\t\t<\/h1>\n\t\t\t\t\t\t<\/div>\n\t\t\t\t\t\n\t\t\t\t\t\n\t\t\t\t\t<div data-bdt-slideshow-parallax=\"x: 150,0,-30; opacity: 1,1,0\">\n\t\t\t\t\t\t<div class=\"bdt-btn-wrapper\">\n\t\t\t\t\t\t\t\n\t\t\n\t\t\t<a class=\"bdt-slide-btn\" data-reveal=\"reveal-active\" href=\"https:\/\/gites-loubrilhote.com\/?page_id=102\">\n\n\t\t\t\t\t\t\t\t<span class=\"bdt-prime-slider-button-wrapper\">\n\n\t\t\t\t\t<span class=\"bdt-prime-slider-button-text bdt-flex bdt-flex-middle bdt-flex-inline\">Location\t\t\t\t\t\t\t\t\t\t\t\t\t<span class=\"bdt-slide-btn-icon\"><svg width=\"20\" height=\"20\" viewBox=\"0 0 20 20\"\n\t\t\t\t\t\t\t\t\txmlns=\"http:\/\/www.w3.org\/2000\/svg\" data-svg=\"arrow-right\">\n\t\t\t\t\t\t\t\t\t<polyline fill=\"none\" stroke=\"#000\" points=\"10 5 15 9.5 10 14\"><\/polyline>\n\t\t\t\t\t\t\t\t\t<line fill=\"none\" stroke=\"#000\" x1=\"4\" y1=\"9.5\" x2=\"15\" y2=\"9.5\"><\/line>\n\t\t\t\t\t\t\t\t<\/svg><\/span>\n\t\t\t\t\t\t\t\t\t\t\t<\/span>\n\n\t\t\t\t<\/span>\n\n\t\t\t<\/a>\n\t\t\t\t\t\t\t\t<\/div>\n\t\t\t\t\t<\/div>\n\t\t\t\t<\/div>\n\n\t\t\t\t\t\t\t\t\t<div data-reveal=\"reveal-active\" class=\"bdt-slider-excerpt\" data-bdt-slideshow-parallax=\"y: 50,0,-10; opacity: 1,1,0\">\n\t\t\t\t\t\t<p><span style=\"color: #ffffff\">Appartement de 60 m2 enti\u00e8rement r\u00e9nov\u00e9, climatis\u00e9 et d\u00e9cor\u00e9 par mes soins, tr\u00e8s lumineux, confortable et\u00a0Cosy.<\/span><\/p>\t\t\t\t\t<\/div>\n\t\t\t\t\n\t\t\t<\/div>\n\t\t<\/div>\n\t\t\t\t\t<\/li>\n\n\t\t\n\t\t\t\t\t<\/ul>\n\t\t\t\t\t\n\t\t\t\t\t\t\t\t<div class=\"reveal-muted\">\n\t\t\t\t<a class=\"bdt-position-bottom-right bdt-prime-slider-previous\" href=\"#\" bdt-slidenav-previous\n\t\t\t\t\tbdt-slideshow-item=\"previous\"><\/a>\n\t\t\t\t<a class=\"bdt-position-bottom-right bdt-prime-slider-next\" href=\"#\" bdt-slidenav-next bdt-slideshow-item=\"next\"><\/a>\n\t\t\t<\/div>\n\n\t\t\n\t\t\t\t\t\t\t\n\t\t\n\t\t\t\t\t\t<\/div>\n\t\t\t\t\t\t\t\t\t\t\t<\/div>\n\t\t<\/div>\n\t\t\t\t\t\t<\/div>\n\t\t\t\t<\/div>\n\t\t\t\t\t<\/div>\n\t\t<\/div>\n\t\t\t\t\t<\/div>\n\t\t<\/section>\n\t\t\t\t<section class=\"elementor-section elementor-top-section elementor-element elementor-element-2134a5d elementor-section-boxed elementor-section-height-default elementor-section-height-default\" data-id=\"2134a5d\" data-element_type=\"section\" data-e-type=\"section\">\n\t\t\t\t\t\t<div class=\"elementor-container elementor-column-gap-default\">\n\t\t\t\t\t<div class=\"elementor-column elementor-col-100 elementor-top-column elementor-element elementor-element-0f45651\" data-id=\"0f45651\" data-element_type=\"column\" data-e-type=\"column\">\n\t\t\t<div class=\"elementor-widget-wrap elementor-element-populated\">\n\t\t\t\t\t\t<div class=\"elementor-element elementor-element-e9ee63a elementor-widget-divider--view-line elementor-invisible elementor-widget elementor-widget-divider\" data-id=\"e9ee63a\" data-element_type=\"widget\" data-e-type=\"widget\" data-settings=\"{&quot;_animation&quot;:&quot;fadeInLeft&quot;}\" data-widget_type=\"divider.default\">\n\t\t\t\t<div class=\"elementor-widget-container\">\n\t\t\t\t\t\t\t<div class=\"elementor-divider\">\n\t\t\t<span class=\"elementor-divider-separator\">\n\t\t\t\t\t\t<\/span>\n\t\t<\/div>\n\t\t\t\t\t\t<\/div>\n\t\t\t\t<\/div>\n\t\t\t\t\t<\/div>\n\t\t<\/div>\n\t\t\t\t\t<\/div>\n\t\t<\/section>\n\t\t\t\t<section class=\"elementor-section elementor-top-section elementor-element elementor-element-0cfcabf elementor-section-boxed elementor-section-height-default elementor-section-height-default\" data-id=\"0cfcabf\" data-element_type=\"section\" data-e-type=\"section\">\n\t\t\t\t\t\t<div class=\"elementor-container elementor-column-gap-default\">\n\t\t\t\t\t<div class=\"elementor-column elementor-col-100 elementor-top-column elementor-element elementor-element-e03520d\" data-id=\"e03520d\" data-element_type=\"column\" data-e-type=\"column\">\n\t\t\t<div class=\"elementor-widget-wrap elementor-element-populated\">\n\t\t\t\t\t\t<div class=\"elementor-element elementor-element-4632855 elementor-shape-circle elementor-grid-2 e-grid-align-center elementor-widget elementor-widget-social-icons\" data-id=\"4632855\" data-element_type=\"widget\" data-e-type=\"widget\" data-widget_type=\"social-icons.default\">\n\t\t\t\t<div class=\"elementor-widget-container\">\n\t\t\t\t\t\t\t<div class=\"elementor-social-icons-wrapper elementor-grid\" role=\"list\">\n\t\t\t\t\t\t\t<span class=\"elementor-grid-item\" role=\"listitem\">\n\t\t\t\t\t<a class=\"elementor-icon elementor-social-icon elementor-social-icon-facebook elementor-repeater-item-1b953d7\" href=\"https:\/\/www.facebook.com\/Lou-Bri-LH%C3%B4te-191538607667560\" target=\"_blank\">\n\t\t\t\t\t\t<span class=\"elementor-screen-only\">Facebook<\/span>\n\t\t\t\t\t\t<i aria-hidden=\"true\" class=\"fab fa-facebook\"><\/i>\t\t\t\t\t<\/a>\n\t\t\t\t<\/span>\n\t\t\t\t\t\t\t<span class=\"elementor-grid-item\" role=\"listitem\">\n\t\t\t\t\t<a class=\"elementor-icon elementor-social-icon elementor-social-icon-instagram elementor-repeater-item-843060a\" href=\"https:\/\/www.instagram.com\/lou_bri_l_hote\/\" target=\"_blank\">\n\t\t\t\t\t\t<span class=\"elementor-screen-only\">Instagram<\/span>\n\t\t\t\t\t\t<i aria-hidden=\"true\" class=\"fab fa-instagram\"><\/i>\t\t\t\t\t<\/a>\n\t\t\t\t<\/span>\n\t\t\t\t\t<\/div>\n\t\t\t\t\t\t<\/div>\n\t\t\t\t<\/div>\n\t\t\t\t\t<\/div>\n\t\t<\/div>\n\t\t\t\t\t<\/div>\n\t\t<\/section>\n\t\t\t\t<\/div>\n\t\t","protected":false},"excerpt":{"rendered":"<p>G\u00eetes Lou Bri l&rsquo;h\u00f4te D\u00e9couvrir la r\u00e9gion Bienvenue \u00e0 tous, vous trouverez des d\u00e9tails sur nos locations situ\u00e9es au pied du Mont Ventoux. G\u00eete Oulivi\u00e9 D\u00e9couvrir le g\u00eete Au sein d\u2019une propri\u00e9t\u00e9 familiale, nous avons cr\u00e9\u00e9 un lieu de bien-\u00eatre et de farniente.&nbsp; G\u00eete Lavando D\u00e9couvrir le g\u00eete Au sein d\u2019une propri\u00e9t\u00e9 familiale, nous avons [&hellip;]<\/p>\n","protected":false},"author":1,"featured_media":0,"parent":0,"menu_order":0,"comment_status":"closed","ping_status":"closed","template":"","meta":{"footnotes":""},"class_list":["post-1154","page","type-page","status-publish","hentry"],"_links":{"self":[{"href":"https:\/\/gites-loubrilhote.com\/index.php?rest_route=\/wp\/v2\/pages\/1154","targetHints":{"allow":["GET"]}}],"collection":[{"href":"https:\/\/gites-loubrilhote.com\/index.php?rest_route=\/wp\/v2\/pages"}],"about":[{"href":"https:\/\/gites-loubrilhote.com\/index.php?rest_route=\/wp\/v2\/types\/page"}],"author":[{"embeddable":true,"href":"https:\/\/gites-loubrilhote.com\/index.php?rest_route=\/wp\/v2\/users\/1"}],"replies":[{"embeddable":true,"href":"https:\/\/gites-loubrilhote.com\/index.php?rest_route=%2Fwp%2Fv2%2Fcomments&post=1154"}],"version-history":[{"count":273,"href":"https:\/\/gites-loubrilhote.com\/index.php?rest_route=\/wp\/v2\/pages\/1154\/revisions"}],"predecessor-version":[{"id":1664,"href":"https:\/\/gites-loubrilhote.com\/index.php?rest_route=\/wp\/v2\/pages\/1154\/revisions\/1664"}],"wp:attachment":[{"href":"https:\/\/gites-loubrilhote.com\/index.php?rest_route=%2Fwp%2Fv2%2Fmedia&parent=1154"}],"curies":[{"name":"wp","href":"https:\/\/api.w.org\/{rel}","templated":true}]}}